{"id":8931,"date":"2021-11-16T21:30:26","date_gmt":"2021-11-16T21:30:26","guid":{"rendered":"https:\/\/rejillasdebarro.com\/cookie-richtlinie\/"},"modified":"2026-03-23T15:05:29","modified_gmt":"2026-03-23T15:05:29","slug":"cookie-richtlinie","status":"publish","type":"page","link":"https:\/\/rejillasdebarro.com\/de\/cookie-richtlinie\/","title":{"rendered":"Cookie-Richtlinie"},"content":{"rendered":"<h1>Pol\u00edtica de cookies<\/h1>\n<ol>\n<li><strong>Utilizaci\u00f3n de Cookies y Web de <\/strong><strong>REJILLAS DE BARRO<\/strong><\/li>\n<li><strong>Tipolog\u00eda, finalidad y funcionamiento de las Cookies<\/strong><\/li>\n<li><strong>C\u00f3mo deshabilitar las Cookies y los Web Bugs en los principales navegadores<\/strong><\/li>\n<li><strong>Qu\u00e9 ocurre si se deshabilitan las Cookies<\/strong><\/li>\n<li><strong> Utilizaci\u00f3n de Cookies y Web de <\/strong><strong>REJILLAS DE BARRO<\/strong><\/li>\n<\/ol>\n<p>La Web de <a href=\"http:\/\/www.rejillasdebarro.com\">www.rejillasdebarro.com<\/a> utilizan \u00abCookies\u00bb, y otros mecanismos similares (en adelante, Cookies). Las Cookies son ficheros enviados a un navegador por medio de un servidor web para registrar las actividades del Usuario en una web determinada o en todas las webs, apps y\/o servicios <strong>REJILLAS DE BARRO<\/strong> (en adelante, los Servicios). La primera finalidad de las Cookies es la de facilitar al Usuario un acceso m\u00e1s r\u00e1pido a los Servicios seleccionados. Adem\u00e1s, las Cookies personalizan los Servicios que ofrece la web de <strong>REJILLAS DE BARRO<\/strong>, facilitando y ofreciendo a cada Usuario informaci\u00f3n que es de su inter\u00e9s o que puede ser de su inter\u00e9s, en atenci\u00f3n al uso que realiza de los Servicios.<\/p>\n<p>La web de <strong>REJILLAS DE BARRO <\/strong>utiliza Cookies para personalizar y facilitar al m\u00e1ximo la navegaci\u00f3n del Usuario. Las Cookies se asocian \u00fanicamente a un Usuario an\u00f3nimo y su ordenador y no proporcionan referencias que permitan deducir datos personales del Usuario. El Usuario podr\u00e1 configurar su navegador para que notifique y rechace la instalaci\u00f3n de las Cookies enviadas por la web de <strong>REJILLAS DE BARRO<\/strong>, sin que ello perjudique la posibilidad del Usuario de acceder a los Contenidos. Sin embargo, le hacemos notar que, en todo caso, la calidad de funcionamiento de la p\u00e1gina Web puede disminuir.<\/p>\n<p>Los Usuarios registrados que se registren o que hayan iniciado sesi\u00f3n, podr\u00e1n beneficiarse de unos servicios m\u00e1s personalizados y orientados a su perfil, gracias a la combinaci\u00f3n de los datos almacenados en las cookies con los datos personales utilizados en el momento de su registro. Dichos Usuarios autorizan expresamente el uso de esta informaci\u00f3n con la finalidad indicada, sin perjuicio de su derecho a rechazar o deshabilitar el uso de cookies.<\/p>\n<ol start=\"2\">\n<li><strong> Tipolog\u00eda, finalidad y funcionamiento de las Cookies:<\/strong><\/li>\n<\/ol>\n<p>Las Cookies, en funci\u00f3n de su permanencia, pueden dividirse en Cookies de sesi\u00f3n o permanentes. Las primeras expiran cuando el Usuario cierra el navegador. Las segundas expiran en funci\u00f3n cuando se cumpla el objetivo para el que sirven (por ejemplo, para que el Usuario se mantenga identificado en los Servicios de <strong>REJILLAS DE BARRO<\/strong>) o bien cuando se borran manualmente.<\/p>\n<p>Adicionalmente, en funci\u00f3n de su objetivo, las Cookies puedes clasificarse de la siguiente forma:<\/p>\n<p><strong>COOKIES DE RENDIMIENTO:<\/strong> Este tipo de Cookie recuerda sus preferencias para las herramientas que se encuentran en los Servicios, por lo que no tiene que volver a configurar el servicio cada vez que usted visita. A modo de ejemplo, en esta tipolog\u00eda se incluyen:<\/p>\n<ul>\n<li>Ajustes de volumen de reproductores de v\u00eddeo o sonido.<\/li>\n<li>Las velocidades de transmisi\u00f3n de v\u00eddeo que sean compatibles con su navegador.<\/li>\n<\/ul>\n<p><strong>COOKIES DE GEO-LOCALIZACI\u00d3N:<\/strong> Estas Cookies son utilizadas para averiguar en qu\u00e9 pa\u00eds se encuentra cuando se solicita un Servicio. Esta Cookie es totalmente an\u00f3nima, y s\u00f3lo se utiliza para ayudar a orientar el contenido a su ubicaci\u00f3n.<\/p>\n<p><strong>COOKIES DE REGISTRO:<\/strong> Las Cookies de registro se generan una vez que el Usuario se ha registrado o posteriormente ha abierto su sesi\u00f3n, y se utilizan para identificarle en los Servicios con los siguientes objetivos:<\/p>\n<ul>\n<li>Mantener al Usuario identificado de forma que, si cierra un Servicio, el navegador o el ordenador y en otro momento u otro d\u00eda vuelve a entrar en dicho Servicio, seguir identificado, facilitando as\u00ed su navegaci\u00f3n sin tener que volver a identificarse. Esta funcionalidad se puede suprimir si el Usuario pulsa la funcionalidad \u00abcerrar sesi\u00f3n\u00bb, de forma que esta Cookie se elimina y la pr\u00f3xima vez que entre en el Servicio el Usuario tendr\u00e1 que iniciar sesi\u00f3n para estar identificado.<\/li>\n<li>Comprobar si el Usuario est\u00e1 autorizado para acceder a ciertos Servicios, por ejemplo, para participar en un concurso.<\/li>\n<\/ul>\n<p>Adicionalmente, algunos Servicios pueden utilizar conectores con redes sociales tales como Facebook o blogs asociados. Cuando el Usuario se registra en un Servicio con credenciales de una red social, autoriza a la red social a guardar una Cookie persistente que recuerda su identidad y le garantiza acceso a los Servicios hasta que expira. El Usuario puede borrar esta Cookie y revocar el acceso a los Servicios mediante redes sociales actualizando sus preferencias en la red social que espec\u00edfica.<\/p>\n<p><strong>COOKIES DE ANAL\u00cdTICAS:<\/strong> Cada vez que un Usuario visita un Servicio, una herramienta de un proveedor externo (Omniture, Netscope, Comscore y similares que podr\u00e1n a\u00f1adirse a este listado en caso de que var\u00eden en relaci\u00f3n con los actuales genera una Cookie anal\u00edtica en el ordenador del Usuario. Esta Cookie que s\u00f3lo se genera en la visita, servir\u00e1 en pr\u00f3ximas visitas a los Servicios de <strong>REJILLAS DE BARRO <\/strong>para identificar de forma an\u00f3nima al visitante. Los objetivos principales que se persiguen son:<\/p>\n<ul>\n<li>Permitir la identificaci\u00f3n an\u00f3nima de los Usuarios navegantes a trav\u00e9s de la \u00abCookie\u00bb (identifica navegadores y dispositivos, no personas) y por lo tanto la contabilizaci\u00f3n aproximada del n\u00famero de visitantes y su tendencia en el tiempo.<\/li>\n<li>Identificar de forma an\u00f3nima los contenidos m\u00e1s visitados y por lo tanto m\u00e1s atractivos para los Usuarios.<\/li>\n<li>Saber si el Usuario que est\u00e1 accediendo es nuevo o repite visita.<\/li>\n<\/ul>\n<p>Importante: Salvo que el Usuario decida registrarse en un Servicio de <strong>REJILLAS DE BARRO<\/strong>, la \u00abCookie\u00bb nunca ir\u00e1 asociada a ning\u00fan dato de car\u00e1cter personal que pueda identificarle. Dichas Cookies s\u00f3lo ser\u00e1n utilizadas con prop\u00f3sitos estad\u00edsticos que ayuden a la optimizaci\u00f3n de la experiencia de los Usuarios en el sitio.<\/p>\n<ol start=\"3\">\n<li><strong> C\u00f3mo deshabilitar las Cookies y los Web Bugs en los principales navegadores:<\/strong><\/li>\n<\/ol>\n<p>Normalmente es posible dejar de aceptar las Cookies del navegador, o dejar de aceptar las Cookies de un Servicio en particular.<\/p>\n<p>Todos los navegadores modernos permiten cambiar la configuraci\u00f3n de Cookies. Estos ajustes normalmente se encuentran en las \u00abopciones\u00bb o \u00abPreferencias\u00bb del men\u00fa de su navegador. Asimismo, puede configurar su navegador o su gestor de correo electr\u00f3nico, as\u00ed como instalar complementos gratuitos para evitar que se descarguen los Web Bugs al abrir un email.<\/p>\n<p><strong>REJILLAS DE BARRO <\/strong>ofrece orientaci\u00f3n al Usuario sobre los pasos para acceder al men\u00fa de configuraci\u00f3n de las cookies y, en su caso, de la navegaci\u00f3n privada en cada uno de los navegadores principales:<\/p>\n<ul>\n<li><strong>Internet Explorer:<\/strong>Herramientas -&gt; Opciones de Internet -&gt; Privacidad -&gt; Configuraci\u00f3n.\n<ul>\n<li>Para m\u00e1s informaci\u00f3n, puede consultar el <a href=\"http:\/\/windows.microsoft.com\/es-ES\/windows\/support#1TC=windows-8\"><strong>\u00absoporte de Microsoft\u00bb<\/strong><\/a>o la Ayuda del navegador.<\/li>\n<\/ul>\n<\/li>\n<li><strong>Firefox:<\/strong>Herramientas -&gt; Opciones -&gt; Privacidad -&gt; Historial -&gt; Configuraci\u00f3n Personalizada.\n<ul>\n<li>Para m\u00e1s informaci\u00f3n, puede consultar el <a href=\"https:\/\/support.mozilla.org\/es\/\"><strong>\u00absoporte de Mozilla\u00bb<\/strong><\/a>o la Ayuda del navegador.<\/li>\n<\/ul>\n<\/li>\n<li><strong>Chrome:<\/strong>Configuraci\u00f3n -&gt; Mostrar opciones avanzadas -&gt; Privacidad -&gt; Configuraci\u00f3n de contenido.\n<ul>\n<li>Para m\u00e1s informaci\u00f3n, puede consultar el <a href=\"https:\/\/support.google.com\/chrome\/?hl=es#topic=3227046\"><strong>\u00absoporte de Google\u00bb<\/strong><\/a>o la Ayuda del navegador.<\/li>\n<\/ul>\n<\/li>\n<li><strong>Safari:<\/strong>Preferencias -&gt; Seguridad.\n<ul>\n<li>Para m\u00e1s informaci\u00f3n, puede consultar el <a href=\"http:\/\/www.apple.com\/es\/support\/mac-apps\/safari\/\"><strong>\u00absoporte de Apple\u00bb<\/strong><\/a>o la Ayuda del navegador.<\/li>\n<\/ul>\n<\/li>\n<\/ul>\n<ol start=\"4\">\n<li><strong> Qu\u00e9 ocurre si se deshabilitan las Cookies:<\/strong><\/li>\n<\/ol>\n<p>Algunas funcionalidades de los Servicios quedar\u00e1n deshabilitados como, por ejemplo, permanecer identificado, recibir informaci\u00f3n dirigida a su localizaci\u00f3n o la visualizaci\u00f3n de algunos v\u00eddeos.<\/p>\n<p><strong>ACTUALIZACIONES Y CAMBIOS EN LA POL\u00cdTICA DE PRIVACIDAD \/ COOKIES:<\/strong><\/p>\n<p><strong>REJILLAS DE BARRO <\/strong>pueden modificar esta Pol\u00edtica de Cookies en funci\u00f3n de exigencias legislativas, reglamentarias, o con la finalidad de adaptar dicha pol\u00edtica a las instrucciones dictadas por la Agencia Espa\u00f1ola de Protecci\u00f3n de Datos, por ello se aconseja a los Usuarios que la visiten peri\u00f3dicamente.<\/p>\n<p>Cuando se produzcan cambios significativos en esta Pol\u00edtica de Cookies, se comunicar\u00e1n a los Usuarios bien mediante la web o a trav\u00e9s de correo electr\u00f3nico a los Usuarios registrados.<\/p>\n<!-- wp:themify-builder\/canvas \/-->","protected":false},"excerpt":{"rendered":"<p>Pol\u00edtica de cookies Utilizaci\u00f3n de Cookies y Web de REJILLAS DE BARRO Tipolog\u00eda, finalidad y funcionamiento de las Cookies C\u00f3mo deshabilitar las Cookies y los Web Bugs en los principales navegadores Qu\u00e9 ocurre si se deshabilitan las Cookies Utilizaci\u00f3n de Cookies y Web de REJILLAS DE BARRO La Web de www.rejillasdebarro.com utilizan \u00abCookies\u00bb, y otros mecanismos similares (en adelante, Cookies). Las Cookies son ficheros enviados a un navegador por medio de un servidor web para registrar las actividades del Usuario en una web determinada o en todas las webs, apps y\/o servicios REJILLAS DE BARRO (en adelante, los Servicios). La primera finalidad de las Cookies es la de facilitar al [&hellip;]<\/p>\n","protected":false},"author":1,"featured_media":0,"parent":0,"menu_order":0,"comment_status":"closed","ping_status":"closed","template":"","meta":{"footnotes":""},"class_list":["post-8931","page","type-page","status-publish","hentry","has-post-title","has-post-date","has-post-category","has-post-tag","has-post-comment","has-post-author",""],"jetpack_sharing_enabled":true,"jetpack_shortlink":"https:\/\/wp.me\/P6FD8g-2k3","builder_content":"","_links":{"self":[{"href":"https:\/\/rejillasdebarro.com\/de\/wp-json\/wp\/v2\/pages\/8931","targetHints":{"allow":["GET"]}}],"collection":[{"href":"https:\/\/rejillasdebarro.com\/de\/wp-json\/wp\/v2\/pages"}],"about":[{"href":"https:\/\/rejillasdebarro.com\/de\/wp-json\/wp\/v2\/types\/page"}],"author":[{"embeddable":true,"href":"https:\/\/rejillasdebarro.com\/de\/wp-json\/wp\/v2\/users\/1"}],"replies":[{"embeddable":true,"href":"https:\/\/rejillasdebarro.com\/de\/wp-json\/wp\/v2\/comments?post=8931"}],"version-history":[{"count":3,"href":"https:\/\/rejillasdebarro.com\/de\/wp-json\/wp\/v2\/pages\/8931\/revisions"}],"predecessor-version":[{"id":9172,"href":"https:\/\/rejillasdebarro.com\/de\/wp-json\/wp\/v2\/pages\/8931\/revisions\/9172"}],"wp:attachment":[{"href":"https:\/\/rejillasdebarro.com\/de\/wp-json\/wp\/v2\/media?parent=8931"}],"curies":[{"name":"wp","href":"https:\/\/api.w.org\/{rel}","templated":true}]}}