{"id":8937,"date":"2021-11-16T21:28:46","date_gmt":"2021-11-16T21:28:46","guid":{"rendered":"https:\/\/rejillasdebarro.com\/impressum\/"},"modified":"2026-03-23T15:06:30","modified_gmt":"2026-03-23T15:06:30","slug":"impressum","status":"publish","type":"page","link":"https:\/\/rejillasdebarro.com\/de\/impressum\/","title":{"rendered":"Impressum"},"content":{"rendered":"<div id=\"page-content\" class=\"page-content\">\n<div class=\"gridContainer\">\n<div id=\"post-1405\" class=\"post-1405 page type-page status-publish hentry\">\n<div>\n<h1>Aviso legal<\/h1>\n<p>Javier Oubi\u00f1a Campos con CIF 18237338V y domicilio en Calle San Cipriano 8, 45002, Toledo (Espa\u00f1a) presta servicios en Internet con la marca <strong>REJILLAS DE BARRO<\/strong> a trav\u00e9s de la p\u00e1gina web principal localizada en la URL <a href=\"http:\/\/www.rejillasdebarro.com\">www.rejillasdebarro.com<\/a>.<\/p>\n<h3>Legislaci\u00f3n<\/h3>\n<p>Con car\u00e1cter general las relaciones entre <strong>REJILLAS DE BARRO<\/strong> con los usuarios de sus servicios telem\u00e1ticos, presentes en este sitio web, se encuentran sometidas a la legislaci\u00f3n y jurisdicci\u00f3n espa\u00f1olas.<\/p>\n<h3>Uso y acceso de usuarios<\/h3>\n<p>El Usuario queda informado, y acepta, que el acceso a la presente web no supone, en modo alguno, el inicio de una relaci\u00f3n comercial con <strong>REJILLAS DE BARRO.<\/strong><\/p>\n<h3><strong>Propiedad intelectual e industrial<\/strong><\/h3>\n<p>Queda prohibida la reproducci\u00f3n, distribuci\u00f3n, comunicaci\u00f3n p\u00fablica, transformaci\u00f3n o cualquier otra actividad que se pueda realizar con los contenidos de www.rejillasdebarro.com ni aun citando las fuentes, salvo consentimiento por escrito de <strong>REJILLAS DE BARRO<\/strong>.<\/p>\n<p><strong>REJILLAS DE BARRO<\/strong> se reserva el derecho a actualizar, modificar o eliminar la informaci\u00f3n contenida en sus p\u00e1ginas web pudiendo incluso limitar o no permitir el acceso a dicha informaci\u00f3n a ciertos usuarios. <strong>REJILLAS DE BARRO<\/strong> no asume responsabilidad alguna por la informaci\u00f3n contenida en p\u00e1ginas web de terceros a las que se pueda acceder por \u00ablinks\u00bb o enlaces desde cualquier p\u00e1gina web propiedad de <strong>REJILLAS DE BARRO.<\/strong><\/p>\n<\/div>\n<\/div>\n<\/div>\n<\/div>\n<!-- wp:themify-builder\/canvas \/-->","protected":false},"excerpt":{"rendered":"<p>Aviso legal Javier Oubi\u00f1a Campos con CIF 18237338V y domicilio en Calle San Cipriano 8, 45002, Toledo (Espa\u00f1a) presta servicios en Internet con la marca REJILLAS DE BARRO a trav\u00e9s de la p\u00e1gina web principal localizada en la URL www.rejillasdebarro.com. Legislaci\u00f3n Con car\u00e1cter general las relaciones entre REJILLAS DE BARRO con los usuarios de sus servicios telem\u00e1ticos, presentes en este sitio web, se encuentran sometidas a la legislaci\u00f3n y jurisdicci\u00f3n espa\u00f1olas. Uso y acceso de usuarios El Usuario queda informado, y acepta, que el acceso a la presente web no supone, en modo alguno, el inicio de una relaci\u00f3n comercial con REJILLAS DE BARRO. Propiedad intelectual e industrial Queda prohibida [&hellip;]<\/p>\n","protected":false},"author":1,"featured_media":0,"parent":0,"menu_order":0,"comment_status":"closed","ping_status":"closed","template":"","meta":{"footnotes":""},"class_list":["post-8937","page","type-page","status-publish","hentry","has-post-title","has-post-date","has-post-category","has-post-tag","has-post-comment","has-post-author",""],"jetpack_sharing_enabled":true,"jetpack_shortlink":"https:\/\/wp.me\/P6FD8g-2k9","builder_content":"","_links":{"self":[{"href":"https:\/\/rejillasdebarro.com\/de\/wp-json\/wp\/v2\/pages\/8937","targetHints":{"allow":["GET"]}}],"collection":[{"href":"https:\/\/rejillasdebarro.com\/de\/wp-json\/wp\/v2\/pages"}],"about":[{"href":"https:\/\/rejillasdebarro.com\/de\/wp-json\/wp\/v2\/types\/page"}],"author":[{"embeddable":true,"href":"https:\/\/rejillasdebarro.com\/de\/wp-json\/wp\/v2\/users\/1"}],"replies":[{"embeddable":true,"href":"https:\/\/rejillasdebarro.com\/de\/wp-json\/wp\/v2\/comments?post=8937"}],"version-history":[{"count":3,"href":"https:\/\/rejillasdebarro.com\/de\/wp-json\/wp\/v2\/pages\/8937\/revisions"}],"predecessor-version":[{"id":9222,"href":"https:\/\/rejillasdebarro.com\/de\/wp-json\/wp\/v2\/pages\/8937\/revisions\/9222"}],"wp:attachment":[{"href":"https:\/\/rejillasdebarro.com\/de\/wp-json\/wp\/v2\/media?parent=8937"}],"curies":[{"name":"wp","href":"https:\/\/api.w.org\/{rel}","templated":true}]}}