{"id":8945,"date":"2021-11-16T21:24:39","date_gmt":"2021-11-16T21:24:39","guid":{"rendered":"https:\/\/rejillasdebarro.com\/allgemeine-geschaeftsbedingungen\/"},"modified":"2026-03-23T15:06:33","modified_gmt":"2026-03-23T15:06:33","slug":"allgemeine-geschaeftsbedingungen","status":"publish","type":"page","link":"https:\/\/rejillasdebarro.com\/de\/allgemeine-geschaeftsbedingungen\/","title":{"rendered":"Allgemeine Gesch\u00e4ftsbedingungen"},"content":{"rendered":"<p>El nombre REJILLAS DE BARRO y la p\u00e1gina web www.rejillasdebarro.com son propiedad de JAVIER OUBI\u00d1A CAMPOS con CIF 18237338V, con domicilio en Calle San Cipriano 8, 45002, Toledo (Espa\u00f1a) .<\/p>\n<p>REJILLAS DE BARRO se reserva el derecho a realizar las modificaciones que considere oportunas, sin aviso previo, en las Condiciones Generales. Dichas modificaciones podr\u00e1n realizarse, a trav\u00e9s de sus p\u00e1ginas, por cualquier forma admisible en derecho y ser\u00e1n de obligado cumplimiento durante el tiempo en que se encuentren publicadas en la web y hasta que no sean modificadas v\u00e1lidamente por otras posteriores. No obstante, REJILLAS DE BARRO se reserva el derecho de aplicar, en determinados casos, unas Condiciones Particulares de Contrataci\u00f3n con preferencia a las presentes Condiciones Generales cuando lo considere oportuno, anunci\u00e1ndolas en tiempo y forma oportunos.<\/p>\n<p>El objeto de la p\u00e1gina web es la promoci\u00f3n y oferta nuestros productos artesanos realizados en barro.<\/p>\n<p>Como usuario o cliente declara expresamente conocer, entender y aceptar las condiciones de uso y estas condiciones generales de contrataci\u00f3n. Del mismo modo, declara ser mayor de edad y tener la capacidad jur\u00eddica y de obrar necesarias para el acceso al sitio web de REJILLAS DE BARRO y la contrataci\u00f3n por medio de los mismos.<\/p>\n<p>Para adquirir nuestros productos, usted puede dirigirse al apartado correspondiente de nuestra tienda online.<\/p>\n<h2>Env\u00edos<\/h2>\n<p>En REJILLAS DE BARRO los gastos de env\u00edo no est\u00e1n incluidos en el precio de los productos. Estos gastos var\u00edan en funci\u00f3n del destino elegido, fecha y plazo de entrega. Esta informaci\u00f3n queda reflejada en el carrito de compra al a\u00f1adir los art\u00edculos que el cliente desee comprar en la p\u00e1gina, as\u00ed como en la factura remitida tras la compra.<\/p>\n<p>No podemos garantizar la hora exacta de entrega, ya que \u00e9sta depende de los horarios disponibles en nuestra agenda y disponibilidad de la agencia de transportes. En algunos casos, y siempre que sea posible, ofreceremos al cliente la opci\u00f3n de escoger horario.<\/p>\n<p>REJILLAS DE BARRO se compromete a realizar el reembolso del importe de la compra en caso de que no reciba el producto por alg\u00fan motivo o causa que est\u00e9 bajo nuestra responsabilidad y control. Si la entrega no se pudiera realizar en la fecha prevista por motivos ajenos a nuestro control, REJILLAS DE BARRO no se hace responsable y por tanto el cliente no podr\u00e1 reclamar el importe de la compra.<\/p>\n<p>Si la entrega no pudiera realizarse por ausencia del destinatario en la direcci\u00f3n indicada, no tendr\u00e1 derecho a reclamar el importe del producto ni el reembolso de la cantidad econ\u00f3mica.<\/p>\n<p>Con la intenci\u00f3n de asegurar la calidad en nuestro servicio, es obligatorio que el cliente indique correctamente la direcci\u00f3n y n\u00famero de tel\u00e9fono del destinatario. REJILLAS DE BARRO se reserva el derecho a contactar telef\u00f3nicamente con el cliente y verificar los datos postales facilitados.<\/p>\n<p>REJILLAS DE BARRO o la empresa de transportes contratada con el fin de realizar la entrega de la compra, acudir\u00e1 una \u00fanica vez a la direcci\u00f3n postal indicada por el cliente. En caso de ausencia del destinatario, \u00e9ste deber\u00e1 desplazarse al punto de recogida que se le indique.<\/p>\n<p>El cliente puede solicitar modificaciones en su producto. No se podr\u00e1n realizar modificaciones en las preferencias del producto una vez realizado el env\u00edo.<\/p>\n<h2>Productos<\/h2>\n<p>Las im\u00e1genes presentes en la p\u00e1gina web son orientativas del producto en venta. Pueden existir variaciones est\u00e9ticas propias del producto y derivadas de su naturaleza.<\/p>\n<p>En algunos casos, puede que alg\u00fan producto del pedido no est\u00e9 disponible debido a problemas de calidad o disponibilidad. En estos casos, REJILLAS DE BARRO se reserva el derecho de contactar con el cliente para ofrecerle sustituirlo por uno del mismo valor o superior.<\/p>\n<p>Todos los productos indican el precio de venta en Euros e incluyen el Impuesto sobre el Valor A\u00f1adido (IVA). Si fuera aplicable cualquier otro impuesto, as\u00ed se indicar\u00eda.<\/p>\n<p>Es imprescindible el pago del importe total del pedido para poder finalizar la compra, salvo en el caso de pago por contrareembolso.<\/p>\n<h2>Formas de pago<\/h2>\n<p>El cliente podr\u00e1 abonar el importe de su pedido optando por cualquiera de las siguientes formas. Durante el proceso de compra deber\u00e1 indicar su elecci\u00f3n:<\/p>\n<ul>\n<li>Tarjeta de cr\u00e9dito o d\u00e9bito<\/li>\n<li>Transferencia bancaria<\/li>\n<li>Contra-reembolso<\/li>\n<\/ul>\n<p>Todas las operaciones que implican la transmisi\u00f3n de datos personales o bancarios se realizan utilizando un entorno seguro, un servidor basado en la tecnolog\u00eda de seguridad est\u00e1ndar SSL (Secure Sockets Layer). Toda la informaci\u00f3n que nos transmita viaja cifrada a trav\u00e9s de la red.<\/p>\n<p>Asimismo los datos sobre su tarjeta de cr\u00e9dito son introducidos directamente la pasarela de pago y no son introducidos ni registrados en ning\u00fan servidor de REJILLAS DE BARRO.<\/p>\n<p>Al pagar con tarjeta VISA o MASTERCARD se le solicitar\u00e1n siempre los siguientes datos: el n\u00famero de tarjeta, la fecha de caducidad, y un C\u00f3digo de Validaci\u00f3n que coincide con las tres \u00faltimas cifras del n\u00famero impreso en cursiva en el reverso de su tarjeta VISA o MASTERCARD, ofreciendo, de esta forma, m\u00e1s garant\u00edas acerca de la seguridad de la transacci\u00f3n. Esta forma de pago es v\u00e1lida \u00fanicamente en la web.<\/p>\n<p>Cuando el importe de una compra hubiese sido cargado fraudulenta o indebidamente utilizando el n\u00famero de una tarjeta de pago, su titular podr\u00e1 exigir la inmediata anulaci\u00f3n del cargo. En tal caso, las correspondientes anotaciones de adeudo y reabono en las cuentas del proveedor y del titular se efectuar\u00e1n a la mayor brevedad.<\/p>\n<p>Sin embargo, si la compra hubiese sido efectivamente realizada por el titular de la tarjeta y la exigencia de devoluci\u00f3n no fuera consecuencia de haberse ejercido el derecho de desistimiento o de resoluci\u00f3n y, por tanto, hubiese exigido indebidamente la anulaci\u00f3n del correspondiente cargo, aquel quedar\u00e1 obligado frente a REJILLAS DE BARRO al resarcimiento de los da\u00f1os y perjuicios ocasionados como consecuencia de dicha anulaci\u00f3n.<\/p>\n<h2>Cambios, cancelaciones y devoluciones<\/h2>\n<p>Una vez realizado el env\u00edo no se podr\u00e1n hacer cambios en el pedido.<\/p>\n<p>Seg\u00fan lo establecido el art\u00edculo 103 de la Ley 3\/2014, de 27 de marzo por la que se modifica el texto refundido de la Ley General para la Defensa de los consumidores y Usuarios, los suministros de servicios o bienes confeccionado conforme a las especificaciones del consumidor o claramente personalizados, o que, por su naturaleza, no puedan ser devueltos o puedan deteriorarse o caducar con rapidez, est\u00e1n exentos de desistimiento.<\/p>\n<p>Si has tenido alg\u00fan problema con tu pedido queremos ser los primeros en saberlo. Pasa en muy pocas ocasiones, pero si as\u00ed es contactanos y REJILLAS DE BARRO se compromete a asumir el de restituir el producto por uno nuevo de acuerdo con condiciones aceptadas en el momento de la venta. Si el cliente desea presentar una reclamaci\u00f3n, puede hacerlo a trav\u00e9s del correo electr\u00f3nico <img loading=\"lazy\" decoding=\"async\" class=\"size-full wp-image-7895 alignnone\" src=\"https:\/\/rejillasdebarro.com\/wp-content\/uploads\/2021\/11\/firefox_4b9u0UPmY3-e1637097845755.jpg\" alt=\"\" width=\"188\" height=\"25\" \/>.<\/p>\n<h2>Jurisdicci\u00f3n<\/h2>\n<p>Asimismo, REJILLAS DE BARRO se reserva la facultad de presentar las acciones civiles o penales que considere oportunas por la utilizaci\u00f3n indebida de su sitio web y contenidos o por el incumplimiento de las presentes condiciones.<\/p>\n<p>La relaci\u00f3n entre el usuario y el prestador se regir\u00e1 por la normativa vigente y de aplicaci\u00f3n en el territorio espa\u00f1ol. De surgir cualquier controversia las partes podr\u00e1n someter sus conflictos a arbitraje o acudir a la jurisdicci\u00f3n ordinaria cumpliendo con las normas sobre jurisdicci\u00f3n y competencia al respecto. REJILLAS DE BARRO tiene su domicilio en Toledo, Espa\u00f1a.<\/p>\n<!-- wp:themify-builder\/canvas \/-->","protected":false},"excerpt":{"rendered":"<p>El nombre REJILLAS DE BARRO y la p\u00e1gina web www.rejillasdebarro.com son propiedad de JAVIER OUBI\u00d1A CAMPOS con CIF 18237338V, con domicilio en Calle San Cipriano 8, 45002, Toledo (Espa\u00f1a) . REJILLAS DE BARRO se reserva el derecho a realizar las modificaciones que considere oportunas, sin aviso previo, en las Condiciones Generales. Dichas modificaciones podr\u00e1n realizarse, a trav\u00e9s de sus p\u00e1ginas, por cualquier forma admisible en derecho y ser\u00e1n de obligado cumplimiento durante el tiempo en que se encuentren publicadas en la web y hasta que no sean modificadas v\u00e1lidamente por otras posteriores. No obstante, REJILLAS DE BARRO se reserva el derecho de aplicar, en determinados casos, unas Condiciones Particulares de [&hellip;]<\/p>\n","protected":false},"author":1,"featured_media":0,"parent":0,"menu_order":0,"comment_status":"closed","ping_status":"closed","template":"","meta":{"footnotes":""},"class_list":["post-8945","page","type-page","status-publish","hentry","has-post-title","has-post-date","has-post-category","has-post-tag","has-post-comment","has-post-author",""],"jetpack_sharing_enabled":true,"jetpack_shortlink":"https:\/\/wp.me\/P6FD8g-2kh","builder_content":"","_links":{"self":[{"href":"https:\/\/rejillasdebarro.com\/de\/wp-json\/wp\/v2\/pages\/8945","targetHints":{"allow":["GET"]}}],"collection":[{"href":"https:\/\/rejillasdebarro.com\/de\/wp-json\/wp\/v2\/pages"}],"about":[{"href":"https:\/\/rejillasdebarro.com\/de\/wp-json\/wp\/v2\/types\/page"}],"author":[{"embeddable":true,"href":"https:\/\/rejillasdebarro.com\/de\/wp-json\/wp\/v2\/users\/1"}],"replies":[{"embeddable":true,"href":"https:\/\/rejillasdebarro.com\/de\/wp-json\/wp\/v2\/comments?post=8945"}],"version-history":[{"count":3,"href":"https:\/\/rejillasdebarro.com\/de\/wp-json\/wp\/v2\/pages\/8945\/revisions"}],"predecessor-version":[{"id":9228,"href":"https:\/\/rejillasdebarro.com\/de\/wp-json\/wp\/v2\/pages\/8945\/revisions\/9228"}],"wp:attachment":[{"href":"https:\/\/rejillasdebarro.com\/de\/wp-json\/wp\/v2\/media?parent=8945"}],"curies":[{"name":"wp","href":"https:\/\/api.w.org\/{rel}","templated":true}]}}