{"id":9036,"date":"2015-02-24T21:09:39","date_gmt":"2015-02-24T21:09:39","guid":{"rendered":"https:\/\/rejillasdebarro.com\/quadratische-gitter\/"},"modified":"2026-03-23T15:07:09","modified_gmt":"2026-03-23T15:07:09","slug":"quadratische-gitter","status":"publish","type":"page","link":"https:\/\/rejillasdebarro.com\/de\/unsere-produkte\/quadratische-gitter\/","title":{"rendered":"Quadratische Gitter"},"content":{"rendered":"<figure id=\"attachment_113\" aria-describedby=\"caption-attachment-113\" style=\"width: 300px\" class=\"wp-caption alignnone\"><a href=\"https:\/\/rejillasdebarro.com\/wp-content\/uploads\/2015\/02\/21x2121-Euros.jpg\"><img loading=\"lazy\" decoding=\"async\" class=\"size-medium wp-image-113\" src=\"https:\/\/rejillasdebarro.com\/wp-content\/uploads\/2015\/02\/21x2121-Euros-300x225.jpg\" alt=\"OLYMPUS DIGITAL CAMERA\" width=\"300\" height=\"225\" srcset=\"https:\/\/rejillasdebarro.com\/wp-content\/uploads\/2015\/02\/21x2121-Euros-300x225.jpg 300w, https:\/\/rejillasdebarro.com\/wp-content\/uploads\/2015\/02\/21x2121-Euros-600x450.jpg 600w, https:\/\/rejillasdebarro.com\/wp-content\/uploads\/2015\/02\/21x2121-Euros.jpg 800w\" sizes=\"auto, (max-width: 300px) 100vw, 300px\" \/><\/a><figcaption id=\"caption-attachment-113\" class=\"wp-caption-text\">Quadratisches Gitter 20x20cm.<\/figcaption><\/figure>\n<p><a href=\"https:\/\/rejillasdebarro.com\/wp-content\/uploads\/2015\/02\/376959_341523869275112_400105902_n-copy.jpg\"><img loading=\"lazy\" decoding=\"async\" class=\"alignnone size-medium wp-image-74\" src=\"https:\/\/rejillasdebarro.com\/wp-content\/uploads\/2015\/02\/376959_341523869275112_400105902_n-copy-300x182.jpg\" alt=\"376959_341523869275112_400105902_n copy\" width=\"300\" height=\"182\" srcset=\"https:\/\/rejillasdebarro.com\/wp-content\/uploads\/2015\/02\/376959_341523869275112_400105902_n-copy-300x182.jpg 300w, https:\/\/rejillasdebarro.com\/wp-content\/uploads\/2015\/02\/376959_341523869275112_400105902_n-copy-600x364.jpg 600w, https:\/\/rejillasdebarro.com\/wp-content\/uploads\/2015\/02\/376959_341523869275112_400105902_n-copy-1024x621.jpg 1024w, https:\/\/rejillasdebarro.com\/wp-content\/uploads\/2015\/02\/376959_341523869275112_400105902_n-copy-972x589.jpg 972w, https:\/\/rejillasdebarro.com\/wp-content\/uploads\/2015\/02\/376959_341523869275112_400105902_n-copy.jpg 1188w\" sizes=\"auto, (max-width: 300px) 100vw, 300px\" \/><\/a><\/p>\n<figure id=\"attachment_121\" aria-describedby=\"caption-attachment-121\" style=\"width: 300px\" class=\"wp-caption alignnone\"><a href=\"https:\/\/rejillasdebarro.com\/wp-content\/uploads\/2015\/02\/rejilla-de-40x40.jpg\"><img loading=\"lazy\" decoding=\"async\" class=\"size-medium wp-image-121\" src=\"https:\/\/rejillasdebarro.com\/wp-content\/uploads\/2015\/02\/rejilla-de-40x40-300x225.jpg\" alt=\"OLYMPUS DIGITAL CAMERA\" width=\"300\" height=\"225\" srcset=\"https:\/\/rejillasdebarro.com\/wp-content\/uploads\/2015\/02\/rejilla-de-40x40-300x225.jpg 300w, https:\/\/rejillasdebarro.com\/wp-content\/uploads\/2015\/02\/rejilla-de-40x40-600x450.jpg 600w, https:\/\/rejillasdebarro.com\/wp-content\/uploads\/2015\/02\/rejilla-de-40x40.jpg 800w\" sizes=\"auto, (max-width: 300px) 100vw, 300px\" \/><\/a><figcaption id=\"caption-attachment-121\" class=\"wp-caption-text\">Quadratisches Gitter 35x35cm.<\/figcaption><\/figure>\n<p><img loading=\"lazy\" decoding=\"async\" class=\"alignnone size-medium wp-image-117\" src=\"https:\/\/rejillasdebarro.com\/wp-content\/uploads\/2015\/02\/cat\u00e1logo-celos\u00edas-cuadradas-y-rec.-211x300.png\" alt=\"cat\u00e1logo celos\u00edas cuadradas y rec.\" width=\"211\" height=\"300\" srcset=\"https:\/\/rejillasdebarro.com\/wp-content\/uploads\/2015\/02\/cat\u00e1logo-celos\u00edas-cuadradas-y-rec.-211x300.png 211w, https:\/\/rejillasdebarro.com\/wp-content\/uploads\/2015\/02\/cat\u00e1logo-celos\u00edas-cuadradas-y-rec..png 454w\" sizes=\"auto, (max-width: 211px) 100vw, 211px\" \/><\/p>\n<figure id=\"attachment_120\" aria-describedby=\"caption-attachment-120\" style=\"width: 300px\" class=\"wp-caption alignnone\"><a href=\"https:\/\/rejillasdebarro.com\/wp-content\/uploads\/2015\/02\/rejilla-de-17x17.jpg\"><img loading=\"lazy\" decoding=\"async\" class=\"size-medium wp-image-120\" src=\"https:\/\/rejillasdebarro.com\/wp-content\/uploads\/2015\/02\/rejilla-de-17x17-300x225.jpg\" alt=\"OLYMPUS DIGITAL CAMERA\" width=\"300\" height=\"225\" srcset=\"https:\/\/rejillasdebarro.com\/wp-content\/uploads\/2015\/02\/rejilla-de-17x17-300x225.jpg 300w, https:\/\/rejillasdebarro.com\/wp-content\/uploads\/2015\/02\/rejilla-de-17x17-600x450.jpg 600w, https:\/\/rejillasdebarro.com\/wp-content\/uploads\/2015\/02\/rejilla-de-17x17.jpg 800w\" sizes=\"auto, (max-width: 300px) 100vw, 300px\" \/><\/a><figcaption id=\"caption-attachment-120\" class=\"wp-caption-text\">Gitter 17x17cm.<\/figcaption><\/figure>\n<figure id=\"attachment_112\" aria-describedby=\"caption-attachment-112\" style=\"width: 300px\" class=\"wp-caption alignnone\"><a href=\"https:\/\/rejillasdebarro.com\/wp-content\/uploads\/2015\/02\/19.jpg\"><img loading=\"lazy\" decoding=\"async\" class=\"size-medium wp-image-112\" src=\"https:\/\/rejillasdebarro.com\/wp-content\/uploads\/2015\/02\/19-300x225.jpg\" alt=\"OLYMPUS DIGITAL CAMERA\" width=\"300\" height=\"225\" srcset=\"https:\/\/rejillasdebarro.com\/wp-content\/uploads\/2015\/02\/19-300x225.jpg 300w, https:\/\/rejillasdebarro.com\/wp-content\/uploads\/2015\/02\/19-600x450.jpg 600w, https:\/\/rejillasdebarro.com\/wp-content\/uploads\/2015\/02\/19.jpg 800w\" sizes=\"auto, (max-width: 300px) 100vw, 300px\" \/><\/a><figcaption id=\"caption-attachment-112\" class=\"wp-caption-text\">Quadratisches Gitter 30x30cm<\/figcaption><\/figure>\n<p>Die folgenden Gitter sind in verschiedenen Gr\u00f6\u00dfen erh\u00e4ltlich.<\/p>\n<p><img loading=\"lazy\" decoding=\"async\" class=\"ngg_displayed_gallery mceItem\" src=\"https:\/\/rejillasdebarro.com\/nextgen-attach_to_post\/preview\/id--64\" alt=\"\" width=\"200\" height=\"184\" data-mce-placeholder=\"1\" \/><\/p>\n<p>Sie k\u00f6nnen einen vollst\u00e4ndigen Katalog per E-Mail anfordern<\/p>\n<figure id=\"attachment_111\" aria-describedby=\"caption-attachment-111\" style=\"width: 300px\" class=\"wp-caption alignnone\"><a href=\"https:\/\/rejillasdebarro.com\/wp-content\/uploads\/2015\/02\/15x30.jpg\"><img loading=\"lazy\" decoding=\"async\" class=\"size-medium wp-image-111\" src=\"https:\/\/rejillasdebarro.com\/wp-content\/uploads\/2015\/02\/15x30-300x225.jpg\" alt=\"OLYMPUS DIGITAL CAMERA\" width=\"300\" height=\"225\" srcset=\"https:\/\/rejillasdebarro.com\/wp-content\/uploads\/2015\/02\/15x30-300x225.jpg 300w, https:\/\/rejillasdebarro.com\/wp-content\/uploads\/2015\/02\/15x30-600x450.jpg 600w, https:\/\/rejillasdebarro.com\/wp-content\/uploads\/2015\/02\/15x30.jpg 800w\" sizes=\"auto, (max-width: 300px) 100vw, 300px\" \/><\/a><figcaption id=\"caption-attachment-111\" class=\"wp-caption-text\">Gitter 15 x 30 cm.<\/figcaption><\/figure>\n<figure id=\"attachment_110\" aria-describedby=\"caption-attachment-110\" style=\"width: 300px\" class=\"wp-caption alignnone\"><a href=\"https:\/\/rejillasdebarro.com\/wp-content\/uploads\/2015\/02\/8.jpg\"><img loading=\"lazy\" decoding=\"async\" class=\"size-medium wp-image-110\" src=\"https:\/\/rejillasdebarro.com\/wp-content\/uploads\/2015\/02\/8-300x225.jpg\" alt=\"OLYMPUS DIGITAL CAMERA\" width=\"300\" height=\"225\" srcset=\"https:\/\/rejillasdebarro.com\/wp-content\/uploads\/2015\/02\/8-300x225.jpg 300w, https:\/\/rejillasdebarro.com\/wp-content\/uploads\/2015\/02\/8-600x450.jpg 600w, https:\/\/rejillasdebarro.com\/wp-content\/uploads\/2015\/02\/8.jpg 800w\" sizes=\"auto, (max-width: 300px) 100vw, 300px\" \/><\/a><figcaption id=\"caption-attachment-110\" class=\"wp-caption-text\">Gitter 10 x 15 cm.<\/figcaption><\/figure>\n","protected":false},"excerpt":{"rendered":"<p>Die folgenden Gitter sind in verschiedenen Gr\u00f6\u00dfen erh\u00e4ltlich. Sie k\u00f6nnen einen vollst\u00e4ndigen Katalog per E-Mail anfordern<\/p>\n","protected":false},"author":1,"featured_media":0,"parent":9083,"menu_order":0,"comment_status":"closed","ping_status":"closed","template":"","meta":{"footnotes":""},"class_list":["post-9036","page","type-page","status-publish","hentry","has-post-title","has-post-date","has-post-category","has-post-tag","has-post-comment","has-post-author",""],"jetpack_sharing_enabled":true,"jetpack_shortlink":"https:\/\/wp.me\/P6FD8g-2lK","builder_content":"","_links":{"self":[{"href":"https:\/\/rejillasdebarro.com\/de\/wp-json\/wp\/v2\/pages\/9036","targetHints":{"allow":["GET"]}}],"collection":[{"href":"https:\/\/rejillasdebarro.com\/de\/wp-json\/wp\/v2\/pages"}],"about":[{"href":"https:\/\/rejillasdebarro.com\/de\/wp-json\/wp\/v2\/types\/page"}],"author":[{"embeddable":true,"href":"https:\/\/rejillasdebarro.com\/de\/wp-json\/wp\/v2\/users\/1"}],"replies":[{"embeddable":true,"href":"https:\/\/rejillasdebarro.com\/de\/wp-json\/wp\/v2\/comments?post=9036"}],"version-history":[{"count":1,"href":"https:\/\/rejillasdebarro.com\/de\/wp-json\/wp\/v2\/pages\/9036\/revisions"}],"predecessor-version":[{"id":9085,"href":"https:\/\/rejillasdebarro.com\/de\/wp-json\/wp\/v2\/pages\/9036\/revisions\/9085"}],"up":[{"embeddable":true,"href":"https:\/\/rejillasdebarro.com\/de\/wp-json\/wp\/v2\/pages\/9083"}],"wp:attachment":[{"href":"https:\/\/rejillasdebarro.com\/de\/wp-json\/wp\/v2\/media?parent=9036"}],"curies":[{"name":"wp","href":"https:\/\/api.w.org\/{rel}","templated":true}]}}