{"id":9094,"date":"2015-02-24T19:43:56","date_gmt":"2015-02-24T19:43:56","guid":{"rendered":"https:\/\/rejillasdebarro.com\/so-verwenden-sie-unsere-gitter\/"},"modified":"2026-03-23T15:07:21","modified_gmt":"2026-03-23T15:07:21","slug":"so-verwenden-sie-unsere-gitter","status":"publish","type":"page","link":"https:\/\/rejillasdebarro.com\/de\/so-verwenden-sie-unsere-gitter\/","title":{"rendered":"So verwenden Sie unsere Gitter"},"content":{"rendered":"<p>Wenn Sie eines unserer Gitter installieren m\u00fcssen, beachten Sie bitte, dass es sich um ein widerstandsf\u00e4higes und zugleich empfindliches Material handelt.<\/p>\n<p>Sie k\u00f6nnen verwendet werden als:<\/p>\n<ul>\n<li>L\u00fcftungs\u00f6ffnungen.<\/li>\n<li>Abfl\u00fcsse.<\/li>\n<li>Rauch- und Dampfabz\u00fcge.<\/li>\n<li>Warmluftausl\u00e4sse f\u00fcr Kamine und \u00d6fen.<\/li>\n<li>Wassersprudler und Brunnen.<\/li>\n<li>Fassadendekoration.<\/li>\n<li>Innenraum-Wand- und Deckendekoration.<\/li>\n<li>Verkleidung von Revisions\u00f6ffnungen und Ger\u00e4ten\u00a0 de cualquier tipo.<\/li>\n<\/ul>\n<p>Jede Verwendung, die Sie sich vorstellen k\u00f6nnen \u2014 wir haben sie sogar als Untersetzer benutzt!<\/p>\n<h2>Installationsanleitung:<\/h2>\n<p>Sobald Sie Form und Gr\u00f6\u00dfe des Gitters gew\u00e4hlt haben, hier unsere Empfehlungen:<\/p>\n<h4><strong>Erster Schritt: Planung<\/strong><\/h4>\n<p>Halten Sie das Gitter an die gew\u00fcnschte Stelle und markieren Sie die Umrisse mit einem Bleistift oder Marker an der Wand. Wenn m\u00f6glich, erstellen Sie eine kleine Vertiefung von 0,5 bis 2 cm Tiefe (je nach Gr\u00f6\u00dfe des Gitters), damit es b\u00fcndig in der Wand sitzt, ohne vollst\u00e4ndig eingebettet zu sein.<\/p>\n<p>Wir empfehlen, die Gitter\u00a0 leicht erhaben zu installieren, obwohl sie auch b\u00fcndig eingebaut werden k\u00f6nnen.<\/p>\n<h4><strong>Zweiter Schritt: Befestigung<\/strong><\/h4>\n<p>Da unsere Gitter aus gebranntem Ton gefertigt sind, k\u00f6nnen sie auf jedem Untergrund befestigt werden (Ziegel, Beton, Gips, Zement, Stein, Gipskarton, Holz, Metall usw.).\u00a0<\/p>\n<p>In den meisten F\u00e4llen werden sie auf Ziegel, Zement oder Gips installiert, daher empfehlen wir Fliesenkleber, der f\u00fcr den jeweiligen Untergrund und die Umgebung geeignet ist. (Am empfehlenswertesten ist flexibler Au\u00dfen-Fliesenkleber.) Tauchen Sie das Gitter zwei Minuten lang in Wasser und lassen Sie es abtropfen, damit der Fliesenkleber besser haftet.<\/p>\n<p>Sie k\u00f6nnen auch mit Schrauben befestigt werden, damit sie bei Bedarf abgenommen werden k\u00f6nnen. Bohren Sie dazu kleine L\u00f6cher mit einem Steinbohrer, durch die die Schraube gerade passt (verwenden Sie niemals den Schlagmodus, da dies das Gitter besch\u00e4digen k\u00f6nnte).<\/p>\n\n<figure class=\"wp-block-image size-large\"><img loading=\"lazy\" decoding=\"async\" width=\"732\" height=\"717\" src=\"https:\/\/rejillasdebarro.com\/wp-content\/uploads\/2018\/03\/ejemplo2.jpg\" alt=\"L&#xFC;ftungsgitter aus Ton an einer Stein- und Zementfassade installiert\" class=\"wp-image-413\" srcset=\"https:\/\/rejillasdebarro.com\/wp-content\/uploads\/2018\/03\/ejemplo2.jpg 732w, https:\/\/rejillasdebarro.com\/wp-content\/uploads\/2018\/03\/ejemplo2-600x588.jpg 600w, https:\/\/rejillasdebarro.com\/wp-content\/uploads\/2018\/03\/ejemplo2-300x294.jpg 300w\" sizes=\"auto, (max-width: 732px) 100vw, 732px\" \/><\/figure>\n\n<h2 class=\"wp-block-heading\">Haben Sie Fragen?<\/h2>\n\n<p>Wenn Sie Fragen haben, kontaktieren Sie uns und wir geben Ihnen gerne alle Informationen, die Sie \u00fcber unsere Gitter ben\u00f6tigen. Sie k\u00f6nnen uns per E-Mail unter <a href=\"mailto:rejillasdebarro@gmail.com\">rejillasdebarro@gmail.com<\/a> oder \u00fcber diese Seite erreichen.<\/p>\n\n<div class=\"wpcf7 no-js\" id=\"wpcf7-f8916-o1\" lang=\"de-DE\" dir=\"ltr\" data-wpcf7-id=\"8916\">\n<div class=\"screen-reader-response\"><p role=\"status\" aria-live=\"polite\" aria-atomic=\"true\"><\/p> <ul><\/ul><\/div>\n<form action=\"\/de\/wp-json\/wp\/v2\/pages\/9094#wpcf7-f8916-o1\" method=\"post\" class=\"wpcf7-form init\" aria-label=\"Kontaktformular\" novalidate=\"novalidate\" data-status=\"init\">\n<fieldset class=\"hidden-fields-container\"><input type=\"hidden\" name=\"_wpcf7\" value=\"8916\" \/><input type=\"hidden\" name=\"_wpcf7_version\" value=\"6.1.5\" \/><input type=\"hidden\" name=\"_wpcf7_locale\" value=\"de_DE\" \/><input type=\"hidden\" name=\"_wpcf7_unit_tag\" value=\"wpcf7-f8916-o1\" \/><input type=\"hidden\" name=\"_wpcf7_container_post\" value=\"0\" \/><input type=\"hidden\" name=\"_wpcf7_posted_data_hash\" value=\"\" \/><input type=\"hidden\" name=\"_wpcf7_recaptcha_response\" value=\"\" \/>\n<\/fieldset>\n<p><label> Ihr Name (erforderlich)<br \/>\n<span class=\"wpcf7-form-control-wrap\" data-name=\"your-name\"><input size=\"40\" maxlength=\"400\" class=\"wpcf7-form-control wpcf7-text wpcf7-validates-as-required\" aria-required=\"true\" aria-invalid=\"false\" value=\"\" type=\"text\" name=\"your-name\" \/><\/span> <\/label>\n<\/p>\n<p><label> Ihre E-Mail (erforderlich)<br \/>\n<span class=\"wpcf7-form-control-wrap\" data-name=\"your-email\"><input size=\"40\" maxlength=\"400\" class=\"wpcf7-form-control wpcf7-email wpcf7-validates-as-required wpcf7-text wpcf7-validates-as-email\" aria-required=\"true\" aria-invalid=\"false\" value=\"\" type=\"email\" name=\"your-email\" \/><\/span> <\/label>\n<\/p>\n<p><label> Betreff<br \/>\n<span class=\"wpcf7-form-control-wrap\" data-name=\"your-subject\"><input size=\"40\" maxlength=\"400\" class=\"wpcf7-form-control wpcf7-text\" aria-invalid=\"false\" value=\"\" type=\"text\" name=\"your-subject\" \/><\/span> <\/label>\n<\/p>\n<p><label> Ihre Nachricht<br \/>\n<span class=\"wpcf7-form-control-wrap\" data-name=\"your-message\"><textarea cols=\"40\" rows=\"10\" maxlength=\"2000\" class=\"wpcf7-form-control wpcf7-textarea\" aria-invalid=\"false\" name=\"your-message\"><\/textarea><\/span> <\/label>\n<\/p>\n<p><input class=\"wpcf7-form-control wpcf7-submit has-spinner\" type=\"submit\" value=\"Senden\" \/>\n<\/p><p style=\"display: none !important;\" class=\"akismet-fields-container\" data-prefix=\"_wpcf7_ak_\"><label>&#916;<textarea name=\"_wpcf7_ak_hp_textarea\" cols=\"45\" rows=\"8\" maxlength=\"100\"><\/textarea><\/label><input type=\"hidden\" id=\"ak_js_1\" name=\"_wpcf7_ak_js\" value=\"13\"\/><script>\ndocument.getElementById( \"ak_js_1\" ).setAttribute( \"value\", ( new Date() ).getTime() );\n<\/script>\n<\/p><div class=\"wpcf7-response-output\" aria-hidden=\"true\"><\/div>\n<\/form>\n<\/div>\n\n","protected":false},"excerpt":{"rendered":"<p>Wenn Sie eines unserer Gitter installieren m\u00fcssen, beachten Sie bitte, dass es sich um ein widerstandsf\u00e4higes und zugleich empfindliches Material handelt. Sie k\u00f6nnen verwendet werden als: L\u00fcftungs\u00f6ffnungen. Abfl\u00fcsse. Rauch- und Dampfabz\u00fcge. Warmluftausl\u00e4sse f\u00fcr Kamine und \u00d6fen. Wassersprudler und Brunnen. Fassadendekoration. Innenraum-Wand- und Deckendekoration. Verkleidung von Revisions\u00f6ffnungen und Ger\u00e4ten\u00a0 de cualquier tipo. Jede Verwendung, die Sie sich vorstellen k\u00f6nnen \u2014 wir haben sie sogar als Untersetzer benutzt! Installationsanleitung: Sobald Sie Form und Gr\u00f6\u00dfe des Gitters gew\u00e4hlt haben, hier unsere Empfehlungen: Erster Schritt: Planung Halten Sie das Gitter an die gew\u00fcnschte Stelle und markieren Sie die Umrisse mit einem Bleistift oder Marker an der Wand. Wenn m\u00f6glich, erstellen Sie eine kleine Vertiefung [&hellip;]<\/p>\n","protected":false},"author":1,"featured_media":0,"parent":0,"menu_order":2,"comment_status":"open","ping_status":"closed","template":"","meta":{"footnotes":""},"class_list":["post-9094","page","type-page","status-publish","hentry","has-post-title","has-post-date","has-post-category","has-post-tag","has-post-comment","has-post-author",""],"jetpack_sharing_enabled":true,"jetpack_shortlink":"https:\/\/wp.me\/P6FD8g-2mG","builder_content":"","_links":{"self":[{"href":"https:\/\/rejillasdebarro.com\/de\/wp-json\/wp\/v2\/pages\/9094","targetHints":{"allow":["GET"]}}],"collection":[{"href":"https:\/\/rejillasdebarro.com\/de\/wp-json\/wp\/v2\/pages"}],"about":[{"href":"https:\/\/rejillasdebarro.com\/de\/wp-json\/wp\/v2\/types\/page"}],"author":[{"embeddable":true,"href":"https:\/\/rejillasdebarro.com\/de\/wp-json\/wp\/v2\/users\/1"}],"replies":[{"embeddable":true,"href":"https:\/\/rejillasdebarro.com\/de\/wp-json\/wp\/v2\/comments?post=9094"}],"version-history":[{"count":3,"href":"https:\/\/rejillasdebarro.com\/de\/wp-json\/wp\/v2\/pages\/9094\/revisions"}],"predecessor-version":[{"id":9272,"href":"https:\/\/rejillasdebarro.com\/de\/wp-json\/wp\/v2\/pages\/9094\/revisions\/9272"}],"wp:attachment":[{"href":"https:\/\/rejillasdebarro.com\/de\/wp-json\/wp\/v2\/media?parent=9094"}],"curies":[{"name":"wp","href":"https:\/\/api.w.org\/{rel}","templated":true}]}}