{"id":9122,"date":"2021-11-16T21:36:49","date_gmt":"2021-11-16T21:36:49","guid":{"rendered":"https:\/\/rejillasdebarro.com\/datenschutzrichtlinie\/"},"modified":"2026-03-23T15:08:16","modified_gmt":"2026-03-23T15:08:16","slug":"datenschutzrichtlinie","status":"publish","type":"page","link":"https:\/\/rejillasdebarro.com\/de\/datenschutzrichtlinie\/","title":{"rendered":"Datenschutzrichtlinie"},"content":{"rendered":"<h2>Pol\u00edtica de privacidad y protecci\u00f3n de datos personales<\/h2>\n<p><strong>REJILLAS DE BARRO <\/strong>con domicilio social en la Calle San Cipriano 8, 45002, Toledo CIF 18237338V ser\u00e1 responsable de tratar los datos personales seg\u00fan lo previsto en la Ley Org\u00e1nica 15\/1999, de 13 de diciembre, de Protecci\u00f3n de Datos de Car\u00e1cter Personal.<\/p>\n<p><strong>REJILLAS DE BARRO <\/strong>informa al Usuario de la existencia de ficheros automatizados de datos de car\u00e1cter personal en los que pueden ser incluidos los datos que nos llegan a trav\u00e9s de la web, inscritos en el Registro General de Protecci\u00f3n de Datos o aquellas bases de datos compradas de forma legal a proveedores externos.<\/p>\n<p>En el caso de dar su consentimiento en el uso de sus datos personales para el env\u00edo de informaci\u00f3n y\/o publicidad de nuestra empresa y\/o productos o la realizaci\u00f3n de otras acciones de marketing, \u00e9stos ser\u00e1n almacenados y utilizados de forma continua \u00fanicamente para las finalidades para las que han sido recabados: responder a sus consultas o dudas, env\u00edo de newsletters o muestras de producto, cumplimentar solicitudes de nuestros clientes, consumidores y profesionales, la invitaci\u00f3n a participar en concursos o sorteos, a trav\u00e9s de los canales de comunicaci\u00f3n como el e-mail, correo postal o cualquier otro canal autorizado por usted. Podemos utilizar sus datos para crear y mantener actualizado su perfil de usuario y as\u00ed poder enviarle informaci\u00f3n personalizada sobre acciones publicitarias o promociones. As\u00ed mismo, podemos utilizar los datos que usted nos facilite para analizar y mejorar la eficacia de los servicios de nuestra p\u00e1gina web, publicidad, marketing, prospecci\u00f3n de mercado y actividades de ventas.<\/p>\n<p><strong>ENVIO Y REGISTRO DE DATOS DE CAR\u00c1CTER PERSONAL:<\/strong><\/p>\n<p>El env\u00edo de datos de car\u00e1cter personal es necesario para contactar y\/o recibir informaci\u00f3n sobre los servicios prestados por <strong>REJILLAS DE BARRO. <\/strong>Asimismo, el no facilitar los datos personales solicitados o el no aceptar la presente pol\u00edtica de protecci\u00f3n de datos supone la imposibilidad de suscribirse, registrarse o recibir informaci\u00f3n de dichos servicios. De acuerdo a lo establecido en la Ley Org\u00e1nica 15\/1999, de 13 de diciembre, de Protecci\u00f3n de Datos de Car\u00e1cter Personal, le informamos que los datos personales que se obtengan como consecuencia de su env\u00edo de datos personales, ser\u00e1n incorporados a un fichero titularidad de <strong>REJILLAS DE BARRO <\/strong>con domicilio social en Calle M\u00e9jico 10, 45005, Toledo (Espa\u00f1a), teniendo implementadas todas las medidas de seguridad establecidas en el Real Decreto 1720\/2007, de 21 de diciembre. Los datos personales son informaci\u00f3n que le identifica, tales como su nombre, e-mail o direcci\u00f3n postal. <strong>REJILLAS DE BARRO <\/strong>no recopila sus datos personales salvo que usted mismo nos los facilite y consienta el tratamiento de los mismos (por ejemplo, al suscribirse a la newsletter electr\u00f3nica, participar en una encuesta, concurso o sorteo, solicitar muestras, cat\u00e1logos o informaci\u00f3n).<\/p>\n<p><strong>EXACTITUD Y VERACIDAD DE LOS DATOS FACILITADOS:<\/strong><\/p>\n<p>El Usuario que env\u00eda la informaci\u00f3n a <strong>REJILLAS DE BARRO <\/strong>es el \u00fanico responsable de la veracidad y correcci\u00f3n de los datos incluidos, exoner\u00e1ndose esta empresa de cualquier responsabilidad al respecto. Los usuarios garantizan y responden, en cualquier caso, de la exactitud, vigencia y autenticidad de los datos personales facilitados, y se comprometen a mantenerlos debidamente actualizados. El usuario acepta proporcionar informaci\u00f3n completa y correcta en el formulario de registro o compra. <strong>REJILLAS DE BARRO <\/strong>no responde de la veracidad de las informaciones que no sean de elaboraci\u00f3n propia y de las que se indique otra fuente, por lo que tampoco asume responsabilidad alguna en cuanto a hipot\u00e9ticos perjuicios que pudieran originarse por el uso de dicha informaci\u00f3n. Se exonera a <strong>REJILLAS DE BARRO <\/strong>de responsabilidad ante cualquier da\u00f1o o perjuicio que pudiera sufrir el Usuario como consecuencia de errores, defectos u omisiones, en la informaci\u00f3n facilitada por <strong>REJILLAS DE BARRO <\/strong> siempre que proceda de fuentes ajenas a <strong>REJILLAS DE BARRO.<\/strong><\/p>\n<p><strong>CESI\u00d3N DE DATOS A TERCEROS REJILLAS DE BARRO <\/strong><\/p>\n<p>No ceder los datos personales a terceros, salvo que sea necesario para la prestaci\u00f3n del servicio solicitado por los clientes en el proceso de compra. No obstante, en el caso de ser cedidos a alg\u00fan tercero se producir\u00e1 una informaci\u00f3n previa solicitando el consentimiento expreso del afectado.<br \/>\nPara el env\u00edo de productos, distribuci\u00f3n de material promocional o para otros temas relacionados con la participaci\u00f3n en concursos, podr\u00eda ser necesario transferir datos personales desde <strong>REJILLAS DE BARRO <\/strong> a proveedores de servicios externos y exigir a cualquier proveedor de servicios la aceptaci\u00f3n del tratamiento de datos conforme a nuestras instrucciones de uso y el cumplimiento de nuestra pol\u00edtica de protecci\u00f3n de datos aqu\u00ed reflejada, y de la normativa aplicable en materia de protecci\u00f3n de datos de car\u00e1cter personal.<\/p>\n<p><strong>EJERCICIO DE DERECHOS DE ACCESO, RECTIFICACI\u00d3N, CANCELACI\u00d3N Y OPOSICI\u00d3N<\/strong><\/p>\n<p>Le informamos que <strong>REJILLAS DE BARRO <\/strong>es la sociedad responsable del tratamiento de los datos personales que se recaben a trav\u00e9s de esta p\u00e1gina web. Usted puede cancelar su consentimiento, as\u00ed como ejercitar los derechos de acceso, rectificaci\u00f3n, cancelaci\u00f3n y oposici\u00f3n de sus datos en cualquier momento que desee y en los t\u00e9rminos establecidos en la legislaci\u00f3n vigente. Puede ejercer los antedichos derechos a trav\u00e9s de correo postal en la direcci\u00f3n Calle M\u00e9jico 10, 45005, Toledo (Espa\u00f1a) o a trav\u00e9s de correo electr\u00f3nico <a href=\"mailto:info@rejillasdebarro.com\">info@rejillasdebarro.com<\/a> junto con prueba v\u00e1lida en derecho, como fotocopia del D.N.I. e indicando en el asunto \u00abPROTECCI\u00d3N DE DATOS Y ACEPTACI\u00d3N Y CONSENTIMIENTO\u00bb El Usuario declara haber sido informado de las condiciones sobre protecci\u00f3n de datos de car\u00e1cter personal, aceptando y consintiendo el tratamiento de los mismos por parte de <strong>REJILLAS DE BARRO <\/strong>en la forma y para las finalidades indicadas en la presente Pol\u00edtica de Protecci\u00f3n de Datos Personales.<\/p>\n<p>CAMBIOS EN LA PRESENTE POL\u00cdTICA DE PRIVACIDAD <strong>REJILLAS DE BARRO <\/strong>se reserva el derecho a modificar la presente pol\u00edtica para adaptarla a novedades legislativas o jurisprudenciales as\u00ed como a pr\u00e1cticas de la industria. En dichos supuestos, <strong>REJILLAS DE BARRO <\/strong>anunciar en esta p\u00e1gina los cambios introducidos con razonable antelaci\u00f3n a su puesta en pr\u00e1ctica.<\/p>\n<p><strong>ACTUALIZACIONES Y CAMBIOS<\/strong><\/p>\n<p>Algunas secciones de esta declaraci\u00f3n de nuestra pol\u00edtica de protecci\u00f3n de datos podr\u00edan ser actualizadas o modificadas en cualquier momento sin aviso previo. Por este motivo, le rogamos que la consulte de vez en cuando para estar informado en caso de producirse modificaciones. La declaraci\u00f3n indicar la fecha efectiva de su notificaci\u00f3n. <\/p>\n<!-- wp:themify-builder\/canvas \/-->","protected":false},"excerpt":{"rendered":"<p>Pol\u00edtica de privacidad y protecci\u00f3n de datos personales REJILLAS DE BARRO con domicilio social en la Calle San Cipriano 8, 45002, Toledo CIF 18237338V ser\u00e1 responsable de tratar los datos personales seg\u00fan lo previsto en la Ley Org\u00e1nica 15\/1999, de 13 de diciembre, de Protecci\u00f3n de Datos de Car\u00e1cter Personal. REJILLAS DE BARRO informa al Usuario de la existencia de ficheros automatizados de datos de car\u00e1cter personal en los que pueden ser incluidos los datos que nos llegan a trav\u00e9s de la web, inscritos en el Registro General de Protecci\u00f3n de Datos o aquellas bases de datos compradas de forma legal a proveedores externos. En el caso de dar su [&hellip;]<\/p>\n","protected":false},"author":1,"featured_media":0,"parent":0,"menu_order":0,"comment_status":"closed","ping_status":"closed","template":"","meta":{"footnotes":""},"class_list":["post-9122","page","type-page","status-publish","hentry","has-post-title","has-post-date","has-post-category","has-post-tag","has-post-comment","has-post-author",""],"jetpack_sharing_enabled":true,"jetpack_shortlink":"https:\/\/wp.me\/P6FD8g-2n8","builder_content":"","_links":{"self":[{"href":"https:\/\/rejillasdebarro.com\/de\/wp-json\/wp\/v2\/pages\/9122","targetHints":{"allow":["GET"]}}],"collection":[{"href":"https:\/\/rejillasdebarro.com\/de\/wp-json\/wp\/v2\/pages"}],"about":[{"href":"https:\/\/rejillasdebarro.com\/de\/wp-json\/wp\/v2\/types\/page"}],"author":[{"embeddable":true,"href":"https:\/\/rejillasdebarro.com\/de\/wp-json\/wp\/v2\/users\/1"}],"replies":[{"embeddable":true,"href":"https:\/\/rejillasdebarro.com\/de\/wp-json\/wp\/v2\/comments?post=9122"}],"version-history":[{"count":3,"href":"https:\/\/rejillasdebarro.com\/de\/wp-json\/wp\/v2\/pages\/9122\/revisions"}],"predecessor-version":[{"id":9361,"href":"https:\/\/rejillasdebarro.com\/de\/wp-json\/wp\/v2\/pages\/9122\/revisions\/9361"}],"wp:attachment":[{"href":"https:\/\/rejillasdebarro.com\/de\/wp-json\/wp\/v2\/media?parent=9122"}],"curies":[{"name":"wp","href":"https:\/\/api.w.org\/{rel}","templated":true}]}}