{"id":9219,"date":"2016-03-12T13:18:37","date_gmt":"2016-03-12T13:18:37","guid":{"rendered":"https:\/\/rejillasdebarro.com\/tienda\/unkategorisiert\/rundes-gitter-acht-spitzen-115-cm\/"},"modified":"2026-03-25T12:35:51","modified_gmt":"2026-03-25T12:35:51","slug":"rundes-gitter-acht-spitzen-115-cm","status":"publish","type":"product","link":"https:\/\/rejillasdebarro.com\/de\/tienda\/rund\/rundes-gitter-acht-spitzen-115-cm\/","title":{"rendered":"Rundes Gitter &#8222;acht Spitzen&#8220; 11,5 cm"},"content":{"rendered":"<p>Kleines rundes Tongitter, handgefertigt und gebrannt.<br \/>\nIdeal zur Dekoration kleiner L\u00fcftungs\u00f6ffnungen und \u00d6ffnungen.<br \/>\n11,5 cm Durchmesser.<\/p>\n","protected":false},"excerpt":{"rendered":"<p>Rund. 11,5 cm Durchmesser.<\/p>\n","protected":false},"featured_media":9220,"comment_status":"open","ping_status":"closed","template":"","meta":{"jetpack_publicize_message":"","jetpack_publicize_feature_enabled":true,"jetpack_social_post_already_shared":true,"jetpack_social_options":{"image_generator_settings":{"template":"highway","default_image_id":0,"font":"","enabled":false},"version":2}},"product_brand":[],"product_cat":[147],"product_tag":[209,170,148],"class_list":{"0":"post-9219","1":"product","2":"type-product","3":"status-publish","4":"has-post-thumbnail","6":"product_cat-rund","7":"product_tag-11-5cm","8":"product_tag-klein","9":"product_tag-rund","10":"has-post-title","11":"has-post-date","12":"has-post-category","13":"has-post-tag","14":"has-post-comment","15":"has-post-author","16":"","18":"first","19":"instock","20":"taxable","21":"shipping-taxable","22":"purchasable","23":"product-type-simple"},"jetpack_publicize_connections":[],"jetpack_sharing_enabled":true,"builder_content":"","_links":{"self":[{"href":"https:\/\/rejillasdebarro.com\/de\/wp-json\/wp\/v2\/product\/9219","targetHints":{"allow":["GET"]}}],"collection":[{"href":"https:\/\/rejillasdebarro.com\/de\/wp-json\/wp\/v2\/product"}],"about":[{"href":"https:\/\/rejillasdebarro.com\/de\/wp-json\/wp\/v2\/types\/product"}],"replies":[{"embeddable":true,"href":"https:\/\/rejillasdebarro.com\/de\/wp-json\/wp\/v2\/comments?post=9219"}],"wp:featuredmedia":[{"embeddable":true,"href":"https:\/\/rejillasdebarro.com\/de\/wp-json\/wp\/v2\/media\/9220"}],"wp:attachment":[{"href":"https:\/\/rejillasdebarro.com\/de\/wp-json\/wp\/v2\/media?parent=9219"}],"wp:term":[{"taxonomy":"product_brand","embeddable":true,"href":"https:\/\/rejillasdebarro.com\/de\/wp-json\/wp\/v2\/product_brand?post=9219"},{"taxonomy":"product_cat","embeddable":true,"href":"https:\/\/rejillasdebarro.com\/de\/wp-json\/wp\/v2\/product_cat?post=9219"},{"taxonomy":"product_tag","embeddable":true,"href":"https:\/\/rejillasdebarro.com\/de\/wp-json\/wp\/v2\/product_tag?post=9219"}],"curies":[{"name":"wp","href":"https:\/\/api.w.org\/{rel}","templated":true}]}}