{"id":9092,"date":"2015-02-24T19:43:56","date_gmt":"2015-02-24T19:43:56","guid":{"rendered":"https:\/\/rejillasdebarro.com\/comment-utiliser-nos-grilles\/"},"modified":"2026-03-23T15:07:19","modified_gmt":"2026-03-23T15:07:19","slug":"comment-utiliser-nos-grilles","status":"publish","type":"page","link":"https:\/\/rejillasdebarro.com\/fr\/comment-utiliser-nos-grilles\/","title":{"rendered":"Comment utiliser nos grilles"},"content":{"rendered":"<p>Si vous devez installer l&rsquo;une de nos grilles, veuillez tenir compte du fait qu&rsquo;il s&rsquo;agit d&rsquo;un mat\u00e9riau r\u00e9sistant mais d\u00e9licat.<\/p>\n<p>Elles peuvent \u00eatre utilis\u00e9es comme\u00a0:<\/p>\n<ul>\n<li>Bouches d&rsquo;a\u00e9ration.<\/li>\n<li>\u00c9vacuations.<\/li>\n<li>Sorties de fum\u00e9e et de vapeur.<\/li>\n<li>Sorties d&rsquo;air chaud de chemin\u00e9es et po\u00eales.<\/li>\n<li>Bouches de fontaines et jets d&rsquo;eau.<\/li>\n<li>D\u00e9coration de fa\u00e7ades.<\/li>\n<li>D\u00e9coration de murs et plafonds int\u00e9rieurs.<\/li>\n<li>Masquage de bo\u00eetiers et appareils\u00a0 de cualquier tipo.<\/li>\n<\/ul>\n<p>Tout usage que vous pouvez imaginer \u2014 nous les avons m\u00eame utilis\u00e9es comme dessous de plat\u00a0!<\/p>\n<h2>Instructions d&rsquo;installation\u00a0:<\/h2>\n<p>Une fois la forme et la taille de la grille choisies, voici nos recommandations\u00a0:<\/p>\n<h4><strong>Premi\u00e8re \u00e9tape\u00a0: planification<\/strong><\/h4>\n<p>Pr\u00e9sentez la grille \u00e0 l&#8217;emplacement souhait\u00e9 et tracez son contour sur le mur avec un crayon ou un marqueur. Si possible, r\u00e9alisez un l\u00e9ger \u00e9videment de 0,5 \u00e0 2 cm de profondeur (selon la taille de la grille), afin qu&rsquo;elle s&rsquo;encastre dans le mur sans \u00eatre totalement encastr\u00e9e.<\/p>\n<p>Nous estimons que les grilles\u00a0 sont plus esth\u00e9tiques install\u00e9es en l\u00e9ger relief, bien qu&rsquo;elles puissent \u00e9galement \u00eatre install\u00e9es encastr\u00e9es.<\/p>\n<h4><strong>Deuxi\u00e8me \u00e9tape\u00a0: fixation<\/strong><\/h4>\n<p>Nos grilles \u00e9tant r\u00e9alis\u00e9es en terre cuite, elles peuvent \u00eatre fix\u00e9es sur tout type de support (brique, b\u00e9ton, pl\u00e2tre, ciment, pierre, plaque de pl\u00e2tre, bois, m\u00e9tal, etc.).\u00a0<\/p>\n<p>Dans la grande majorit\u00e9 des cas, elles sont install\u00e9es sur brique, ciment ou pl\u00e2tre. Nous vous conseillons d&rsquo;utiliser du mortier-colle adapt\u00e9 au support et \u00e0 l&rsquo;environnement. (Le plus recommand\u00e9 est le mortier-colle flexible pour ext\u00e9rieur.) Trempez la grille dans l&rsquo;eau pendant deux minutes puis laissez-la \u00e9goutter pour que le mortier-colle adh\u00e8re mieux.<\/p>\n<p>Elles peuvent \u00e9galement \u00eatre fix\u00e9es avec des vis pour pouvoir \u00eatre d\u00e9mont\u00e9es en cas de besoin. Pour cette option, percez de petits trous dans la grille avec un foret \u00e0 b\u00e9ton suffisamment petit pour la vis (n&rsquo;utilisez jamais la perceuse en mode perforateur, car cela pourrait casser la grille).<\/p>\n\n<figure class=\"wp-block-image size-large\"><img loading=\"lazy\" decoding=\"async\" width=\"732\" height=\"717\" src=\"https:\/\/rejillasdebarro.com\/wp-content\/uploads\/2018\/03\/ejemplo2.jpg\" alt=\"Grille en terre cuite install&#xE9;e sur une fa&#xE7;ade en pierre et ciment\" class=\"wp-image-413\" srcset=\"https:\/\/rejillasdebarro.com\/wp-content\/uploads\/2018\/03\/ejemplo2.jpg 732w, https:\/\/rejillasdebarro.com\/wp-content\/uploads\/2018\/03\/ejemplo2-600x588.jpg 600w, https:\/\/rejillasdebarro.com\/wp-content\/uploads\/2018\/03\/ejemplo2-300x294.jpg 300w\" sizes=\"auto, (max-width: 732px) 100vw, 732px\" \/><\/figure>\n\n<h2 class=\"wp-block-heading\">Avez-vous des questions\u00a0?<\/h2>\n\n<p>Si vous avez des questions, contactez-nous et nous serons ravis de vous fournir toutes les informations dont vous avez besoin sur nos grilles. Vous pouvez le faire par e-mail \u00e0 <a href=\"mailto:rejillasdebarro@gmail.com\">rejillasdebarro@gmail.com<\/a> ou via cette page.<\/p>\n\n<div class=\"wpcf7 no-js\" id=\"wpcf7-f9117-o1\" lang=\"fr-FR\" dir=\"ltr\" data-wpcf7-id=\"9117\">\n<div class=\"screen-reader-response\"><p role=\"status\" aria-live=\"polite\" aria-atomic=\"true\"><\/p> <ul><\/ul><\/div>\n<form action=\"\/fr\/wp-json\/wp\/v2\/pages\/9092#wpcf7-f9117-o1\" method=\"post\" class=\"wpcf7-form init\" aria-label=\"Formulaire de contact\" novalidate=\"novalidate\" data-status=\"init\">\n<fieldset class=\"hidden-fields-container\"><input type=\"hidden\" name=\"_wpcf7\" value=\"9117\" \/><input type=\"hidden\" name=\"_wpcf7_version\" value=\"6.1.5\" \/><input type=\"hidden\" name=\"_wpcf7_locale\" value=\"fr_FR\" \/><input type=\"hidden\" name=\"_wpcf7_unit_tag\" value=\"wpcf7-f9117-o1\" \/><input type=\"hidden\" name=\"_wpcf7_container_post\" value=\"0\" \/><input type=\"hidden\" name=\"_wpcf7_posted_data_hash\" value=\"\" \/><input type=\"hidden\" name=\"_wpcf7_recaptcha_response\" value=\"\" \/>\n<\/fieldset>\n<p><label> Votre nom (obligatoire)<br \/>\n<span class=\"wpcf7-form-control-wrap\" data-name=\"your-name\"><input size=\"40\" maxlength=\"400\" class=\"wpcf7-form-control wpcf7-text wpcf7-validates-as-required\" aria-required=\"true\" aria-invalid=\"false\" value=\"\" type=\"text\" name=\"your-name\" \/><\/span> <\/label>\n<\/p>\n<p><label> Votre e-mail (obligatoire)<br \/>\n<span class=\"wpcf7-form-control-wrap\" data-name=\"your-email\"><input size=\"40\" maxlength=\"400\" class=\"wpcf7-form-control wpcf7-email wpcf7-validates-as-required wpcf7-text wpcf7-validates-as-email\" aria-required=\"true\" aria-invalid=\"false\" value=\"\" type=\"email\" name=\"your-email\" \/><\/span> <\/label>\n<\/p>\n<p><label> Objet<br \/>\n<span class=\"wpcf7-form-control-wrap\" data-name=\"your-subject\"><input size=\"40\" maxlength=\"400\" class=\"wpcf7-form-control wpcf7-text\" aria-invalid=\"false\" value=\"\" type=\"text\" name=\"your-subject\" \/><\/span> <\/label>\n<\/p>\n<p><label> Votre message<br \/>\n<span class=\"wpcf7-form-control-wrap\" data-name=\"your-message\"><textarea cols=\"40\" rows=\"10\" maxlength=\"2000\" class=\"wpcf7-form-control wpcf7-textarea\" aria-invalid=\"false\" name=\"your-message\"><\/textarea><\/span> <\/label>\n<\/p>\n<p><input class=\"wpcf7-form-control wpcf7-submit has-spinner\" type=\"submit\" value=\"Envoyer\" \/>\n<\/p><p style=\"display: none !important;\" class=\"akismet-fields-container\" data-prefix=\"_wpcf7_ak_\"><label>&#916;<textarea name=\"_wpcf7_ak_hp_textarea\" cols=\"45\" rows=\"8\" maxlength=\"100\"><\/textarea><\/label><input type=\"hidden\" id=\"ak_js_1\" name=\"_wpcf7_ak_js\" value=\"148\"\/><script>\ndocument.getElementById( \"ak_js_1\" ).setAttribute( \"value\", ( new Date() ).getTime() );\n<\/script>\n<\/p><div class=\"wpcf7-response-output\" aria-hidden=\"true\"><\/div>\n<\/form>\n<\/div>\n\n","protected":false},"excerpt":{"rendered":"<p>Si vous devez installer l&rsquo;une de nos grilles, veuillez tenir compte du fait qu&rsquo;il s&rsquo;agit d&rsquo;un mat\u00e9riau r\u00e9sistant mais d\u00e9licat. Elles peuvent \u00eatre utilis\u00e9es comme\u00a0: Bouches d&rsquo;a\u00e9ration. \u00c9vacuations. Sorties de fum\u00e9e et de vapeur. Sorties d&rsquo;air chaud de chemin\u00e9es et po\u00eales. Bouches de fontaines et jets d&rsquo;eau. D\u00e9coration de fa\u00e7ades. D\u00e9coration de murs et plafonds int\u00e9rieurs. Masquage de bo\u00eetiers et appareils\u00a0 de cualquier tipo. Tout usage que vous pouvez imaginer \u2014 nous les avons m\u00eame utilis\u00e9es comme dessous de plat\u00a0! Instructions d&rsquo;installation\u00a0: Une fois la forme et la taille de la grille choisies, voici nos recommandations\u00a0: Premi\u00e8re \u00e9tape\u00a0: planification Pr\u00e9sentez la grille \u00e0 l&#8217;emplacement souhait\u00e9 et tracez son contour sur [&hellip;]<\/p>\n","protected":false},"author":1,"featured_media":0,"parent":0,"menu_order":2,"comment_status":"open","ping_status":"closed","template":"","meta":{"footnotes":""},"class_list":["post-9092","page","type-page","status-publish","hentry","has-post-title","has-post-date","has-post-category","has-post-tag","has-post-comment","has-post-author",""],"jetpack_sharing_enabled":true,"jetpack_shortlink":"https:\/\/wp.me\/P6FD8g-2mE","builder_content":"","_links":{"self":[{"href":"https:\/\/rejillasdebarro.com\/fr\/wp-json\/wp\/v2\/pages\/9092","targetHints":{"allow":["GET"]}}],"collection":[{"href":"https:\/\/rejillasdebarro.com\/fr\/wp-json\/wp\/v2\/pages"}],"about":[{"href":"https:\/\/rejillasdebarro.com\/fr\/wp-json\/wp\/v2\/types\/page"}],"author":[{"embeddable":true,"href":"https:\/\/rejillasdebarro.com\/fr\/wp-json\/wp\/v2\/users\/1"}],"replies":[{"embeddable":true,"href":"https:\/\/rejillasdebarro.com\/fr\/wp-json\/wp\/v2\/comments?post=9092"}],"version-history":[{"count":3,"href":"https:\/\/rejillasdebarro.com\/fr\/wp-json\/wp\/v2\/pages\/9092\/revisions"}],"predecessor-version":[{"id":9270,"href":"https:\/\/rejillasdebarro.com\/fr\/wp-json\/wp\/v2\/pages\/9092\/revisions\/9270"}],"wp:attachment":[{"href":"https:\/\/rejillasdebarro.com\/fr\/wp-json\/wp\/v2\/media?parent=9092"}],"curies":[{"name":"wp","href":"https:\/\/api.w.org\/{rel}","templated":true}]}}