{"id":9217,"date":"2016-03-12T13:18:37","date_gmt":"2016-03-12T13:18:37","guid":{"rendered":"https:\/\/rejillasdebarro.com\/tienda\/non class\u00e9\/grille-ronde-huit-pointes-115-cm\/"},"modified":"2016-03-12T13:18:37","modified_gmt":"2016-03-12T13:18:37","slug":"grille-ronde-huit-pointes-115-cm","status":"publish","type":"product","link":"https:\/\/rejillasdebarro.com\/fr\/tienda\/rondes\/grille-ronde-huit-pointes-115-cm\/","title":{"rendered":"Grille Ronde \u00ab\u00a0huit pointes\u00a0\u00bb 11,5 cm"},"content":{"rendered":"<p>Petite grille en terre cuite ronde, faite \u00e0 la main et cuite au four.<br \/>\nId\u00e9ale pour la d\u00e9coration de petits a\u00e9rations et orifices.<br \/>\n11,5 cm de diam\u00e8tre.<\/p>\n","protected":false},"excerpt":{"rendered":"<p>Ronde. 11,5 cm de diam\u00e8tre.<\/p>\n","protected":false},"featured_media":9218,"comment_status":"open","ping_status":"closed","template":"","meta":{"jetpack_publicize_message":"","jetpack_publicize_feature_enabled":true,"jetpack_social_post_already_shared":true,"jetpack_social_options":{"image_generator_settings":{"template":"highway","default_image_id":0,"font":"","enabled":false},"version":2}},"product_brand":[],"product_cat":[143],"product_tag":[208,168,144],"class_list":{"0":"post-9217","1":"product","2":"type-product","3":"status-publish","4":"has-post-thumbnail","6":"product_cat-rondes","7":"product_tag-11-5cm","8":"product_tag-petite","9":"product_tag-ronde","10":"has-post-title","11":"has-post-date","12":"has-post-category","13":"has-post-tag","14":"has-post-comment","15":"has-post-author","16":"","18":"first","19":"instock","20":"taxable","21":"shipping-taxable","22":"purchasable","23":"product-type-simple"},"jetpack_publicize_connections":[],"jetpack_sharing_enabled":true,"builder_content":"","_links":{"self":[{"href":"https:\/\/rejillasdebarro.com\/fr\/wp-json\/wp\/v2\/product\/9217","targetHints":{"allow":["GET"]}}],"collection":[{"href":"https:\/\/rejillasdebarro.com\/fr\/wp-json\/wp\/v2\/product"}],"about":[{"href":"https:\/\/rejillasdebarro.com\/fr\/wp-json\/wp\/v2\/types\/product"}],"replies":[{"embeddable":true,"href":"https:\/\/rejillasdebarro.com\/fr\/wp-json\/wp\/v2\/comments?post=9217"}],"wp:featuredmedia":[{"embeddable":true,"href":"https:\/\/rejillasdebarro.com\/fr\/wp-json\/wp\/v2\/media\/9218"}],"wp:attachment":[{"href":"https:\/\/rejillasdebarro.com\/fr\/wp-json\/wp\/v2\/media?parent=9217"}],"wp:term":[{"taxonomy":"product_brand","embeddable":true,"href":"https:\/\/rejillasdebarro.com\/fr\/wp-json\/wp\/v2\/product_brand?post=9217"},{"taxonomy":"product_cat","embeddable":true,"href":"https:\/\/rejillasdebarro.com\/fr\/wp-json\/wp\/v2\/product_cat?post=9217"},{"taxonomy":"product_tag","embeddable":true,"href":"https:\/\/rejillasdebarro.com\/fr\/wp-json\/wp\/v2\/product_tag?post=9217"}],"curies":[{"name":"wp","href":"https:\/\/api.w.org\/{rel}","templated":true}]}}