{"id":9288,"date":"2025-06-04T21:28:23","date_gmt":"2025-06-04T21:28:23","guid":{"rendered":"https:\/\/rejillasdebarro.com\/tienda\/non class\u00e9\/grille-ronde-douze-pointes-fine-166-cm\/"},"modified":"2025-06-04T21:28:23","modified_gmt":"2025-06-04T21:28:23","slug":"grille-ronde-douze-pointes-fine-166-cm","status":"publish","type":"product","link":"https:\/\/rejillasdebarro.com\/fr\/tienda\/rondes\/grille-ronde-douze-pointes-fine-166-cm\/","title":{"rendered":"Grille ronde \u00ab\u00a0douze pointes\u00a0\u00bb fine &#8211; 16,6 cm"},"content":{"rendered":"","protected":false},"excerpt":{"rendered":"<p>Grille en terre cuite ronde. D\u00e9coration g\u00e9om\u00e9trique \u00e0 12 pointes. R\u00e9alis\u00e9e \u00e0 la main en argile blanche.<\/p>\n","protected":false},"featured_media":9289,"comment_status":"open","ping_status":"closed","template":"","meta":{"jetpack_publicize_message":"","jetpack_publicize_feature_enabled":true,"jetpack_social_post_already_shared":true,"jetpack_social_options":{"image_generator_settings":{"template":"highway","default_image_id":0,"font":"","enabled":false},"version":2}},"product_brand":[],"product_cat":[143],"product_tag":[145,124,144],"class_list":{"0":"post-9288","1":"product","2":"type-product","3":"status-publish","4":"has-post-thumbnail","6":"product_cat-rondes","7":"product_tag-douze-pointes","8":"product_tag-grille","9":"product_tag-ronde","10":"has-post-title","11":"has-post-date","12":"has-post-category","13":"has-post-tag","14":"has-post-comment","15":"has-post-author","16":"","18":"first","19":"instock","20":"taxable","21":"shipping-taxable","22":"purchasable","23":"product-type-variable"},"jetpack_publicize_connections":[],"jetpack_sharing_enabled":true,"builder_content":"","_links":{"self":[{"href":"https:\/\/rejillasdebarro.com\/fr\/wp-json\/wp\/v2\/product\/9288","targetHints":{"allow":["GET"]}}],"collection":[{"href":"https:\/\/rejillasdebarro.com\/fr\/wp-json\/wp\/v2\/product"}],"about":[{"href":"https:\/\/rejillasdebarro.com\/fr\/wp-json\/wp\/v2\/types\/product"}],"replies":[{"embeddable":true,"href":"https:\/\/rejillasdebarro.com\/fr\/wp-json\/wp\/v2\/comments?post=9288"}],"wp:featuredmedia":[{"embeddable":true,"href":"https:\/\/rejillasdebarro.com\/fr\/wp-json\/wp\/v2\/media\/9289"}],"wp:attachment":[{"href":"https:\/\/rejillasdebarro.com\/fr\/wp-json\/wp\/v2\/media?parent=9288"}],"wp:term":[{"taxonomy":"product_brand","embeddable":true,"href":"https:\/\/rejillasdebarro.com\/fr\/wp-json\/wp\/v2\/product_brand?post=9288"},{"taxonomy":"product_cat","embeddable":true,"href":"https:\/\/rejillasdebarro.com\/fr\/wp-json\/wp\/v2\/product_cat?post=9288"},{"taxonomy":"product_tag","embeddable":true,"href":"https:\/\/rejillasdebarro.com\/fr\/wp-json\/wp\/v2\/product_tag?post=9288"}],"curies":[{"name":"wp","href":"https:\/\/api.w.org\/{rel}","templated":true}]}}