{"id":9349,"date":"2020-01-12T16:33:20","date_gmt":"2020-01-12T16:33:20","guid":{"rendered":"https:\/\/rejillasdebarro.com\/tienda\/non class\u00e9\/grille-carree-carreaux\/"},"modified":"2020-01-12T16:33:20","modified_gmt":"2020-01-12T16:33:20","slug":"grille-carree-carreaux","status":"publish","type":"product","link":"https:\/\/rejillasdebarro.com\/fr\/tienda\/carrees\/grille-carree-carreaux\/","title":{"rendered":"Grille carr\u00e9e \u00ab\u00a0carreaux\u00a0\u00bb"},"content":{"rendered":"","protected":false},"excerpt":{"rendered":"<p>Grille en terre cuite carr\u00e9e. D\u00e9cor\u00e9e avec un motif de carr\u00e9s. R\u00e9alis\u00e9e \u00e0 la main en argile blanche.<\/p>\n","protected":false},"featured_media":9350,"comment_status":"open","ping_status":"closed","template":"","meta":{"jetpack_publicize_message":"","jetpack_publicize_feature_enabled":true,"jetpack_social_post_already_shared":true,"jetpack_social_options":{"image_generator_settings":{"template":"highway","default_image_id":0,"font":"","enabled":false},"version":2}},"product_brand":[],"product_cat":[181],"product_tag":[182,136,124],"class_list":{"0":"post-9349","1":"product","2":"type-product","3":"status-publish","4":"has-post-thumbnail","6":"product_cat-carrees","7":"product_tag-carree","8":"product_tag-carres","9":"product_tag-grille","10":"has-post-title","11":"has-post-date","12":"has-post-category","13":"has-post-tag","14":"has-post-comment","15":"has-post-author","16":"","18":"first","19":"instock","20":"taxable","21":"shipping-taxable","22":"purchasable","23":"product-type-variable"},"jetpack_publicize_connections":[],"jetpack_sharing_enabled":true,"builder_content":"","_links":{"self":[{"href":"https:\/\/rejillasdebarro.com\/fr\/wp-json\/wp\/v2\/product\/9349","targetHints":{"allow":["GET"]}}],"collection":[{"href":"https:\/\/rejillasdebarro.com\/fr\/wp-json\/wp\/v2\/product"}],"about":[{"href":"https:\/\/rejillasdebarro.com\/fr\/wp-json\/wp\/v2\/types\/product"}],"replies":[{"embeddable":true,"href":"https:\/\/rejillasdebarro.com\/fr\/wp-json\/wp\/v2\/comments?post=9349"}],"wp:featuredmedia":[{"embeddable":true,"href":"https:\/\/rejillasdebarro.com\/fr\/wp-json\/wp\/v2\/media\/9350"}],"wp:attachment":[{"href":"https:\/\/rejillasdebarro.com\/fr\/wp-json\/wp\/v2\/media?parent=9349"}],"wp:term":[{"taxonomy":"product_brand","embeddable":true,"href":"https:\/\/rejillasdebarro.com\/fr\/wp-json\/wp\/v2\/product_brand?post=9349"},{"taxonomy":"product_cat","embeddable":true,"href":"https:\/\/rejillasdebarro.com\/fr\/wp-json\/wp\/v2\/product_cat?post=9349"},{"taxonomy":"product_tag","embeddable":true,"href":"https:\/\/rejillasdebarro.com\/fr\/wp-json\/wp\/v2\/product_tag?post=9349"}],"curies":[{"name":"wp","href":"https:\/\/api.w.org\/{rel}","templated":true}]}}