{"id":9403,"date":"2020-01-12T15:52:21","date_gmt":"2020-01-12T15:52:21","guid":{"rendered":"https:\/\/rejillasdebarro.com\/tienda\/non class\u00e9\/grille-ronde-fleur-a-six-pointes\/"},"modified":"2020-01-12T15:52:21","modified_gmt":"2020-01-12T15:52:21","slug":"grille-ronde-fleur-a-six-pointes","status":"publish","type":"product","link":"https:\/\/rejillasdebarro.com\/fr\/tienda\/rondes\/grille-ronde-fleur-a-six-pointes\/","title":{"rendered":"Grille ronde \u00ab\u00a0fleur \u00e0 six pointes\u00a0\u00bb"},"content":{"rendered":"","protected":false},"excerpt":{"rendered":"<p>Grille ronde avec une fleur \u00e0 six pointes comme \u00e9l\u00e9ment ornemental. R\u00e9alis\u00e9e \u00e0 la main en argile blanche.<\/p>\n","protected":false},"featured_media":9404,"comment_status":"open","ping_status":"closed","template":"","meta":{"jetpack_publicize_message":"","jetpack_publicize_feature_enabled":true,"jetpack_social_post_already_shared":true,"jetpack_social_options":{"image_generator_settings":{"template":"highway","default_image_id":0,"font":"","enabled":false},"version":2}},"product_brand":[],"product_cat":[143],"product_tag":[221,222,218,219,192,220,124,144],"class_list":{"0":"post-9403","1":"product","2":"type-product","3":"status-publish","4":"has-post-thumbnail","6":"product_cat-rondes","7":"product_tag-221","8":"product_tag-222","9":"product_tag-218","10":"product_tag-219","11":"product_tag-fleur","12":"product_tag-floral","13":"product_tag-grille","14":"product_tag-ronde","15":"has-post-title","16":"has-post-date","17":"has-post-category","18":"has-post-tag","19":"has-post-comment","20":"has-post-author","21":"","23":"first","24":"instock","25":"taxable","26":"shipping-taxable","27":"purchasable","28":"product-type-variable"},"jetpack_publicize_connections":[],"jetpack_sharing_enabled":true,"builder_content":"","_links":{"self":[{"href":"https:\/\/rejillasdebarro.com\/fr\/wp-json\/wp\/v2\/product\/9403","targetHints":{"allow":["GET"]}}],"collection":[{"href":"https:\/\/rejillasdebarro.com\/fr\/wp-json\/wp\/v2\/product"}],"about":[{"href":"https:\/\/rejillasdebarro.com\/fr\/wp-json\/wp\/v2\/types\/product"}],"replies":[{"embeddable":true,"href":"https:\/\/rejillasdebarro.com\/fr\/wp-json\/wp\/v2\/comments?post=9403"}],"wp:featuredmedia":[{"embeddable":true,"href":"https:\/\/rejillasdebarro.com\/fr\/wp-json\/wp\/v2\/media\/9404"}],"wp:attachment":[{"href":"https:\/\/rejillasdebarro.com\/fr\/wp-json\/wp\/v2\/media?parent=9403"}],"wp:term":[{"taxonomy":"product_brand","embeddable":true,"href":"https:\/\/rejillasdebarro.com\/fr\/wp-json\/wp\/v2\/product_brand?post=9403"},{"taxonomy":"product_cat","embeddable":true,"href":"https:\/\/rejillasdebarro.com\/fr\/wp-json\/wp\/v2\/product_cat?post=9403"},{"taxonomy":"product_tag","embeddable":true,"href":"https:\/\/rejillasdebarro.com\/fr\/wp-json\/wp\/v2\/product_tag?post=9403"}],"curies":[{"name":"wp","href":"https:\/\/api.w.org\/{rel}","templated":true}]}}